{"id":11599,"date":"2019-12-20T14:02:01","date_gmt":"2019-12-20T14:02:01","guid":{"rendered":"https:\/\/moroccotours.agency\/faqs\/"},"modified":"2024-07-21T18:51:39","modified_gmt":"2024-07-21T18:51:39","slug":"faqs","status":"publish","type":"page","link":"https:\/\/moroccotours.agency\/it\/faqs\/","title":{"rendered":"FAQs"},"content":{"rendered":"\n<h2 class=\"wp-block-heading\" id=\"h-most-common-faq-questions\">Domande frequenti pi\u00f9 comuni<\/h2>\n\n<div class=\"wp-block-group\"><div class=\"wp-block-group__inner-container is-layout-flow wp-block-group-is-layout-flow\">\n<div class=\"schema-faq wp-block-yoast-faq-block\"><div class=\"schema-faq-section\" id=\"faq-question-1581430217413\"><strong class=\"schema-faq-question\"> HO BISOGNO DI UN VISTO PER ENTRARE IN MAROCCO? <\/strong> <p class=\"schema-faq-answer\"> Se sei cittadino degli Stati Uniti, dell&#8217;Europa o del Canada, non avrai bisogno del visto per venire in <a href=\"https:\/\/moroccotours.agency\/it\/panoramica-del-marocco\/\">Marocco<\/a>. Tutti gli altri clienti devono consultare l&#8217;ambasciata o il consolato marocchino nei rispettivi paesi oppure \u00e8 possibile fare riferimento al seguente sito Web che \u00e8 destinato al consolato generale marocchino a New York:<strong><a href=\"http:\/\/www.moroccanconsulate.com\/visa.cfm\" target=\"_blank\" rel=\"noopener\">www.moroccanconsulate.com\/visa.cfm<\/a><\/strong> <\/p> <\/div> <div class=\"schema-faq-section\" id=\"faq-question-1581430259017\"><strong class=\"schema-faq-question\"> \u00c8 SICURO VIAGGIARE IN MAROCCO? <\/strong> <p class=\"schema-faq-answer\"> S\u00ec, \u00e8 molto sicuro, il <a href=\"https:\/\/moroccotours.agency\/it\/panoramica-del-marocco\/\">Marocco<\/a> \u00e8 l&#8217;incarnazione di uno dei paesi pi\u00f9 sicuri al mondo, grazie alla combinazione tra il paese in cui il tasso di criminalit\u00e0 \u00e8 scarso e il suo governo che \u00e8 sempre proattivo nel proteggere i suoi ospiti e la gente del posto. <\/p> <\/div> <div class=\"schema-faq-section\" id=\"faq-question-1581430277575\"><strong class=\"schema-faq-question\"> DOCUMENTAZIONE DI VIAGGIO DA PORTARE <\/strong> <p class=\"schema-faq-answer\"> Sei responsabile di assicurarti di avere un passaporto internazionale valido con una validit\u00e0 minima di 6 (sei) mesi. \u00c8 responsabilit\u00e0 esclusiva del partecipante al tour assicurarsi che tutti i requisiti relativi al passaporto e al visto siano soddisfatti prima della partenza. <\/p> <\/div> <div class=\"schema-faq-section\" id=\"faq-question-1581430295900\"><strong class=\"schema-faq-question\"> HO BISOGNO DI UN&#8217;ASSICURAZIONE DI VIAGGIO IN MAROCCO? <\/strong> <p class=\"schema-faq-answer\"> L\u2019assicurazione di viaggio dovrebbe essere ottenuta prima di lasciare il proprio paese di origine. Tuttavia non obblighiamo mai nessuno ad acquistarlo. Gli ospedali locali hanno capacit\u00e0 diagnostiche limitate. Le cliniche straniere possono essere costose, l\u2019evacuazione pu\u00f2 costare migliaia e i bagagli possono scomparire, quindi l\u2019assicurazione \u00e8 una buona idea. <\/p> <\/div> <div class=\"schema-faq-section\" id=\"faq-question-1581430316790\"><strong class=\"schema-faq-question\"> CHE COS&#8217;\u00c8 LA VALUTA MAROCCHINA? <\/strong> <p class=\"schema-faq-answer\"> La valuta marocchina si chiama DIRHAM. Le tariffe variano poco tra le banche, ma alcune addebitano una commissione per il cambio valuta che pu\u00f2 arrivare fino a una somma considerevole con tagli pi\u00f9 piccoli. Le principali carte di credito sono accettate negli hotel pi\u00f9 grandi e in tutti i grandi negozi.<br><br> Le carte bancomat possono essere utilizzate in molte citt\u00e0 anche del sud. Gli assegni turistici non sono ampiamente accettati in Marocco e possono essere difficili da incassare o cambiare. Ma solo per un importo molto limitato. Usa un marsupio per tutti i tuoi documenti di valore, assegni, passaporti e carte di credito. <\/p> <\/div> <div class=\"schema-faq-section\" id=\"faq-question-1581430352290\"><strong class=\"schema-faq-question\"> E LE DONNE CHE VIAGGIANO DA SOLE? <\/strong> <p class=\"schema-faq-answer\"> Dalla citt\u00e0 di Marrakech, dove tutto \u00e8 permesso, al villaggio del Sahara dove le donne si vestono di nero con un occhio visibile da dietro un velo, il Marocco \u00e8 un paese dai molti contrasti. Le donne straniere viaggiano abbastanza sicure ma attirano l&#8217;attenzione ovunque, il pi\u00f9 delle volte per comprare qualcosa o per ricevere un \u201cservizio\u201d (soprattutto nelle grandi citt\u00e0, accetta l&#8217;offerta come puoi!). <br><br>In quanto musulmani, gli uomini non dovrebbero toccare una donna che non conoscono. Se una donna straniera vuole rispetto non dovrebbe tollerare la sua lunga stretta di mano o la sua mano che indugia sul suo braccio o altrove.<br><br> Vestiti come fai a casa ma in modo conservativo per guadagnare rispetto. Gli stranieri vengono trattati con la dualit\u00e0 di una meravigliosa ospitalit\u00e0 o come un\u2019opportunit\u00e0 di guadagno finanziario. L&#8217;invito a visitare e prendere un t\u00e8 o cenare con una famiglia \u00e8 un&#8217;esperienza memorabile. Ma misurare gli inviti con un obbligo. Le tradizioni sono forti e vengono praticati i vecchi metodi. Un buon atteggiamento, un senso di condivisione e umorismo contribuiscono notevolmente ad abbattere i preconcetti degli stranieri e sono sempre apprezzati dai marocchini. <\/p> <\/div> <div class=\"schema-faq-section\" id=\"faq-question-1581430369618\"><strong class=\"schema-faq-question\"> QUAL \u00c8 LA STAGIONE MIGLIORE PER VISITARE IL MAROCCO? <\/strong> <p class=\"schema-faq-answer\"> Il <a href=\"https:\/\/moroccotours.agency\/it\/panoramica-del-marocco\/\">Marocco<\/a> \u00e8 perfetto per viaggiare tutto l&#8217;anno! Data la variet\u00e0 geografica del Paese, c\u2019\u00e8 sempre una regione dove il clima \u00e8 mite. Possiamo consigliarti la destinazione migliore in base al meteo e alle date del tuo viaggio. In inverno, ti consigliamo di dirigerti a sud, nel deserto. <br><br>Le notti possono essere fredde ma durante il giorno potrai goderti il sole e il cielo azzurro privo di nuvole. In estate, la costa atlantica \u00e8 generalmente mite ed \u00e8 la stagione migliore per le escursioni nell&#8217;Atlante. A oltre 1800 m di altitudine, la freschezza \u00e8 una scommessa sicura! Detto questo, niente ti impedisce di scoprire il deserto marocchino a patto di scegliere l&#8217;alloggio giusto e di adattarti al caldo. <\/p> <\/div> <div class=\"schema-faq-section\" id=\"faq-question-1581430392841\"><strong class=\"schema-faq-question\"> QUALI ABBIGLIAMENTO E ARTICOLI SPECIALI DEVO PORTARE? <\/strong> <p class=\"schema-faq-answer\"> Le temperature diurne possono essere piuttosto calde. Avrai bisogno di abiti comodi, larghi e freschi. Le serate possono essere fresche. Portare una giacca o un copricostume leggero. La maggior parte delle camere d&#8217;albergo avr\u00e0 l&#8217;aria condizionata, ma non tutte. Desert temperatures fluctuate from cold at night to very hot during the day, but you will need to be covered to prevent sunburn. Se dormi in tenda, ti forniremo coperte extra.<br><br>Portare occhiali da sole e un copricapo. La protezione solare pu\u00f2 essere acquistata una volta arrivato. Portare scarpe comode per camminare. I marocchini apprezzano la modestia. Please respect the culture and do not wear clothing that exposes much skin. Maniche lunghe e pantaloni o gonne lunghi sono adatti per la maggior parte dei luoghi che visiti. Visiteremo entrambe le moschee storiche che consentono i visitatori. <\/p> <\/div> <div class=\"schema-faq-section\" id=\"faq-question-1581430413666\"><strong class=\"schema-faq-question\"> COSA POSSO ASPETTARMI DURANTE UN TOUR IN MAROCCO? <\/strong> <p class=\"schema-faq-answer\"> Viaggiare in un paese dalla cultura straniera e in via di sviluppo come il Marocco pu\u00f2 essere un&#8217;esperienza deliziosamente gratificante e stimolante. Le culture africane hanno molto da insegnare a quelli di noi che provengono dal mondo moderno, offrendo opportunit\u00e0 di combinare divertimento e comprensione con l\u2019apprendimento di modi nuovi e antichi di vivere e sopravvivere.<br><br>Divagazioni romantiche a parte, i marocchini lavorano molto duramente per far sentire i visitatori i benvenuti e fornire ci\u00f2 di cui hanno bisogno, ma sono necessarie anche pazienza e comprensione. \u00c8 un paese in via di sviluppo e i servizi moderni sono ancora in costruzione o sono inesistenti in molti luoghi fuori citt\u00e0. A volte le aspettative dei visitatori non sono comprese da una cultura che ha poca o nessuna esperienza diretta con loro, quindi potresti ricevere un&#8217;interpretazione della tua richiesta con conseguenze interessanti.<br><br>La vita scorre molto pi\u00f9 lentamente di quanto sono abituati gli occidentali, e questo deve essere preso in considerazione quando qualcosa impiega troppo tempo. La vita \u00e8 lenta per natura e prima o poi le cose vengono fatte. \u00c8 meglio avvicinarsi al Marocco apprezzando le differenze culturali, i suoni, gli odori, la lingua, l&#8217;espressione e la luce, rilassandosi, godendosi e accettando. Ricorda che la risata parla la stessa lingua ovunque. <\/p> <\/div> <div class=\"schema-faq-section\" id=\"faq-question-1581430434456\"><strong class=\"schema-faq-question\"> COME DEVO COMPORTARMI? <\/strong> <p class=\"schema-faq-answer\"> \u00c8 responsabilit\u00e0 del Cliente assicurarsi che lui e i membri del suo Gruppo non tengano un comportamento che arrechi offesa o pericolo per altri o rischi di danneggiare cose altrui. In tali circostanze, tutti i fornitori (ad esempio i gestori degli hotel) e la Societ\u00e0 hanno il diritto di recedere dagli accordi presi per conto del Cliente, nel qual caso la responsabilit\u00e0 della Societ\u00e0 nei confronti del Cliente cessa immediatamente. <br><br>Pertanto, la Societ\u00e0 non sar\u00e0 responsabile per eventuali rimborsi, pagamenti di indennizzi o rimborsi di eventuali costi o spese sostenuti di conseguenza. Inoltre, il Cliente sar\u00e0 tenuto a rimborsare alla Societ\u00e0 qualsiasi spesa sostenuta a seguito di tale comportamento. <\/p> <\/div> <div class=\"schema-faq-section\" id=\"faq-question-1581430462567\"><strong class=\"schema-faq-question\"> A CHI DEVO DARE LA MANCIA? <\/strong> <p class=\"schema-faq-answer\"> In Marocco \u00e8 consuetudine dare la mancia per un buon servizio, come si farebbe a casa. Il turismo \u00e8 un pilastro fondamentale dell\u2019economia del Marocco e molte persone dipendono dalle mance per integrare il proprio stipendio, ma non dovresti sentirti obbligato a dare la mancia a qualcuno se non sei soddisfatto del servizio ricevuto. <\/p> <\/div> <div class=\"schema-faq-section\" id=\"faq-question-1581430476598\"><strong class=\"schema-faq-question\"> QUAL \u00c8 L&#8217;IMPIANTO ELETTRICO IN MAROCCO? <\/strong> <p class=\"schema-faq-answer\"> Il voltaggio del Marocco \u00e8 di 220 V, 50 Hz (spine rotonde bipolari). Controlla sempre il tuo laptop o gli oggetti elettronici per assicurarti che possano sopportare 100-240 volt <\/p> <\/div> <div class=\"schema-faq-section\" id=\"faq-question-1581430500178\"><strong class=\"schema-faq-question\"> DEVO PARLARE ARABO O BERBERO PER COMUNICARE CON LA GENTE LOCALE? <\/strong> <p class=\"schema-faq-answer\"> La risposta semplice \u00e8 no, poich\u00e9 quando si \u00e8 ospiti in qualsiasi paese, i tentativi di conversare nella lingua madre sono molto apprezzati dalla gente del posto.<br><br>Il personale di tutti i Riad e degli hotel, in particolare quelli nelle citt\u00e0 pi\u00f9 grandi, parla inglese, francese, spagnolo, arabo e forse anche berbero. Nelle comunit\u00e0 pi\u00f9 rurali tendono a dominare l&#8217;arabo, il berbero e il francese. Nell&#8217;estremo nord lo spagnolo \u00e8 ampiamente compreso.<br><br>La maggior parte dei marocchini urbani capisce un po&#8217; di inglese; non bisogna per\u00f2 dare per scontato che si capisca l&#8217;inglese e pu\u00f2 essere utile conoscere anche un po&#8217; di francese. <\/p> <\/div> <div class=\"schema-faq-section\" id=\"faq-question-1581430531906\"><strong class=\"schema-faq-question\"> COME CONFERMO LA MIA PRENOTAZIONE? <\/strong> <p class=\"schema-faq-answer\"> Per iniziare il processo di prenotazione, Morocco Tours Agency richiede un acconto pari al 10% dell&#8217;importo totale. Una volta ricevuto questo deposito, iniziamo la prenotazione degli hotel, dei trasporti e di tutti i dettagli del tour.<br><br>Il saldo rimanente pu\u00f2 essere pagato al tuo autista al momento del ritiro dal tuo Hotel\/Riad\/aeroporto <\/p> <\/div> <div class=\"schema-faq-section\" id=\"faq-question-1581430551396\"><strong class=\"schema-faq-question\"> COME SI ACCETTA IL PAGAMENTO? <\/strong> <p class=\"schema-faq-answer\"> Accettiamo pagamenti tramite bonifico bancario o PayPal. Ti forniremo tutte le informazioni di pagamento una volta che deciderai di garantire la tua prenotazione. Se scegli la modalit\u00e0 di pagamento tramite bonifico bancario, tieni presente che ti verr\u00e0 richiesto di inviarci tramite email una copia della ricevuta del bonifico. <\/p> <\/div> <div class=\"schema-faq-section\" id=\"faq-question-1581430567623\"><strong class=\"schema-faq-question\"> \u00c8 SICURO PORTARE I BAMBINI IN MAROCCO? <br><\/strong> <p class=\"schema-faq-answer\"> Assolutamente s\u00ec, se avete dei bambini e volete visitare il Marocco, non \u00e8 necessario lasciarli a fare da babysitter, \u00e8 meglio portarli a scoprire qualcosa di straordinario. Questa decisione pu\u00f2 essere difficile per te e dover sopportare oneri aggiuntivi quando si tratta di fornire assistenza ai tuoi figli, ma ai bambini piccoli piace divertirsi e viaggiare come gli adulti. <br><br>Inoltre, la loro esperienza in Marocco rimarr\u00e0 per loro un viaggio di tutta la vita per ampliare le loro menti fino a quando non diventeranno maturi. <\/p> <\/div> <div class=\"schema-faq-section\" id=\"faq-question-1581430588970\"><strong class=\"schema-faq-question\"> \u00c8 CONSENTITO FARE FOTO E VIDEO IN MAROCCO? <br><\/strong> <p class=\"schema-faq-answer\"> \u00c8 preferibile chiedere alla persona prima di scattare la foto. Ad alcune persone del posto non piace essere fotografate. Tuttavia, alcuni altri potrebbero chiedere un compenso prima di scattare la foto (es: incantatori di serpenti e singoli artisti a Marrakech e Fes). <br><br>Comprendiamo quanto sia splendido che alcune foto riguardino persone, soprattutto con abiti o stili tipici marocchini, ma consigliamo di chiedere il permesso prima di scattare una foto. <\/p> <\/div> <div class=\"schema-faq-section\" id=\"faq-question-1581430609075\"><strong class=\"schema-faq-question\"> POSSO FUMARE E BERE ALCOLICI IN MAROCCO? <br><\/strong> <p class=\"schema-faq-answer\"> La legge marocchina vieta di fumare nella maggior parte degli edifici pubblici. Nel tuo alloggio sar\u00e0 solitamente presente un&#8217;area (ad esempio una terrazza sul tetto) dove \u00e8 consentito fumare.<br><br>Sebbene ai musulmani sia vietato bere alcolici, il Marocco \u00e8 un paese islamico moderato ed \u00e8 probabile che ti sentirai libero di bere con moderazione in privato o dove viene servito alcolico. Nelle medine l&#8217;alcol non pu\u00f2 essere acquistato nei negozi, anche se molti riad e hotel lo offrono. <br><br>Alcuni ristoranti servono bevande alcoliche e ci sono alcuni bar nelle citt\u00e0 e in alcuni paesi. Fuori dalle medine, l&#8217;alcol pu\u00f2 essere acquistato in alcuni negozi, supermercati e hotel turistici, soprattutto quelli pi\u00f9 grandi.<br><br>I vini marocchini sono spesso eccellenti e sono disponibili una piccola gamma di piacevoli lager marocchine e, a volte, birre e vini importati. La maggior parte degli alloggi sono perfettamente felici di portarti il tuo se non servono alcolici.<br><br>In linea con le nostre politiche di turismo responsabile, ti preghiamo di non bere nei luoghi pubblici che non servono alcolici. Potresti voler acquistare alcolici duty-free mentre entri nel paese da bere nel tuo alloggio. <\/p> <\/div> <div class=\"schema-faq-section\" id=\"faq-question-1581430631966\"><strong class=\"schema-faq-question\"> COM&#8217;\u00c8 IL CIBO? <br><\/strong> <p class=\"schema-faq-answer\"> In una parola, delizioso. Le insalate sono deliziose; verdure fresche e succulente vengono servite con una leggera vinaigrette a parte. Harira \u00e8 la parola marocchina per zuppa di verdure densa. Uno particolarmente delizioso contiene uno gnocco di pane. I secondi piatti sono solitamente uno dei seguenti: carne alla griglia su spiedini spesso serviti con patatine fritte; cous cous, vegetariano o di carne con verdure; e Tagine, lo stufato marocchino, solitamente carne, pomodori, patate, cipolle e spezie. <br><br>I cuochi marocchini utilizzano un mix di spezie come cumino, curcuma, paprika, zafferano e pepe per una cucina dal sapore delicato. Nel Sahara puoi trovare la \u201cpizza berbera\u201d. Si tratta di una torta a doppia crosta ripiena di carne, uova sode, mandorle e spezie. A volte piuttosto pepata, la pizza berbera si mangia meglio con un bicchiere dopo l&#8217;altro di t\u00e8 caldo e dolce alla menta.<br><br>Ogni porto marittimo ha pesce appena pescato preparato dai pescatori su o vicino ai moli. Non perdetevi questa sorpresa! Come dessert viene servita frutta fresca; melograni, meloni, banane, mele, arance e datteri sono tutti prodotti in Marocco e tutti ricchi di sapore. <br><br>Un vantaggio continuo dell\u2019occupazione francese sono le baguette fresche disponibili quasi ovunque. I dolci sia francesi che marocchini sono disponibili in molte panetterie. <\/p> <\/div> <\/div>\n<\/div><\/div>\n\n<p><\/p>\n","protected":false},"excerpt":{"rendered":"<p>Domande frequenti pi\u00f9 comuni<\/p>\n","protected":false},"author":1,"featured_media":0,"parent":0,"menu_order":0,"comment_status":"closed","ping_status":"closed","template":"","meta":{"_joinchat":[],"footnotes":""},"class_list":["post-11599","page","type-page","status-publish","hentry"],"_links":{"self":[{"href":"https:\/\/moroccotours.agency\/it\/wp-json\/wp\/v2\/pages\/11599","targetHints":{"allow":["GET"]}}],"collection":[{"href":"https:\/\/moroccotours.agency\/it\/wp-json\/wp\/v2\/pages"}],"about":[{"href":"https:\/\/moroccotours.agency\/it\/wp-json\/wp\/v2\/types\/page"}],"author":[{"embeddable":true,"href":"https:\/\/moroccotours.agency\/it\/wp-json\/wp\/v2\/users\/1"}],"replies":[{"embeddable":true,"href":"https:\/\/moroccotours.agency\/it\/wp-json\/wp\/v2\/comments?post=11599"}],"version-history":[{"count":0,"href":"https:\/\/moroccotours.agency\/it\/wp-json\/wp\/v2\/pages\/11599\/revisions"}],"wp:attachment":[{"href":"https:\/\/moroccotours.agency\/it\/wp-json\/wp\/v2\/media?parent=11599"}],"curies":[{"name":"wp","href":"https:\/\/api.w.org\/{rel}","templated":true}]}}